{"id":9,"date":"2025-05-31T12:59:58","date_gmt":"2025-05-31T12:59:58","guid":{"rendered":"https:\/\/xinlaisen.com\/about\/"},"modified":"2025-06-23T15:32:04","modified_gmt":"2025-06-23T15:32:04","slug":"about","status":"publish","type":"page","link":"https:\/\/xinlaisen.com\/pt\/about\/","title":{"rendered":"Nossa empresa"},"content":{"rendered":"<div class=\"wp-block-uagb-container uagb-block-96d3ebee alignfull uagb-is-root-container\"><div class=\"uagb-container-inner-blocks-wrap\"><\/div><\/div>\n\n\n\n<div class=\"wp-block-uagb-container uagb-block-ea8750ae alignfull uagb-is-root-container\"><div class=\"uagb-container-inner-blocks-wrap\">\n<div class=\"wp-block-uagb-advanced-heading uagb-block-5d0596af\"><h1 class=\"uagb-heading-text\">Nossa empresa<\/h1><\/div>\n<\/div><\/div>\n\n\n\n<div class=\"wp-block-uagb-container uagb-layout-grid uagb-block-32e874b4 alignfull uagb-is-root-container\"><div class=\"uagb-container-inner-blocks-wrap\">\n<header class=\"wp-block-uagb-info-box uagb-block-fbae65f3 uagb-infobox__content-wrap  uagb-infobox-icon-above-title uagb-infobox-image-valign-top\"><div class=\"uagb-ifb-content\"><div class=\"uagb-ifb-title-wrap\"><h5 class=\"uagb-ifb-title-prefix\">Solu\u00e7\u00f5es de engenharia offshore de alta qualidade<\/h5><h2 class=\"uagb-ifb-title\">Vis\u00e3o geral<\/h2><\/div><\/div><\/header>\n\n\n\n<div class=\"wp-block-uagb-info-box uagb-block-54f3395c uagb-infobox__content-wrap  uagb-infobox-icon-above-title uagb-infobox-image-valign-top\"><div class=\"uagb-ifb-content\"><div class=\"uagb-ifb-title-wrap\"><h3 class=\"uagb-ifb-title\">Desde a nossa funda\u00e7\u00e3o, a XinLaisen construiu uma reputa\u00e7\u00e3o de precis\u00e3o, confiabilidade e profundo conhecimento do setor, especializando-se na constru\u00e7\u00e3o de m\u00f3dulos FPSO e em projetos de energia offshore.<\/h3><\/div><p class=\"uagb-ifb-desc\">Com uma equipe de lideran\u00e7a com mais de 20 anos de experi\u00eancia em projetos internacionais, executamos com sucesso escopos offshore complexos na \u00c1sia e em outros pa\u00edses. Do planejamento ao comissionamento, cada fase \u00e9 tratada com cuidado especializado e integridade t\u00e9cnica.<br>Nosso objetivo \u00e9 simples: capacitar nossos clientes com solu\u00e7\u00f5es seguras, eficientes e prontas para o futuro, projetadas para funcionar nos ambientes mais dif\u00edceis do mundo<\/p><\/div><\/div>\n<\/div><\/div>\n\n\n\n<div class=\"wp-block-uagb-container uagb-block-50e47407 alignfull uagb-is-root-container\"><div class=\"uagb-container-inner-blocks-wrap\">\n<div class=\"wp-block-uagb-container uagb-block-570c349b\">\n<div class=\"wp-block-uagb-image uagb-block-e727fec8 wp-block-uagb-image--layout-default wp-block-uagb-image--effect-static wp-block-uagb-image--align-none\"><figure class=\"wp-block-uagb-image__figure\"><img decoding=\"async\" srcset=\"https:\/\/xinlaisen.com\/wp-content\/uploads\/2025\/06\/WhatsApp-Image-2025-06-08-at-12.10.45-AM-1-1024x778.jpeg ,https:\/\/xinlaisen.com\/wp-content\/uploads\/2025\/06\/WhatsApp-Image-2025-06-08-at-12.10.45-AM-1.jpeg 780w, https:\/\/xinlaisen.com\/wp-content\/uploads\/2025\/06\/WhatsApp-Image-2025-06-08-at-12.10.45-AM-1.jpeg 360w\" sizes=\"auto, (max-width: 480px) 150px\" src=\"https:\/\/xinlaisen.com\/wp-content\/uploads\/2025\/06\/WhatsApp-Image-2025-06-08-at-12.10.45-AM-1-1024x778.jpeg\" alt=\"\" class=\"uag-image-1366\" width=\"1024\" height=\"778\" title=\"Imagem do WhatsApp 2025-06-08 at 12.10.45 AM (1)\" loading=\"lazy\" role=\"img\"\/><\/figure><\/div>\n<\/div>\n\n\n\n<div class=\"wp-block-uagb-container uagb-block-a1624a74\">\n<!-- Tailwind CDN (if not already included) -->\n<script src=\"https:\/\/cdn.tailwindcss.com\"><\/script>\n\n<!-- Our Strength Section -->\n<section py-16 px-6 max-w-7xl mx-auto\">\n  <div class=\"max-w-3xl mx-auto\">\n    <h2 class=\"text-xl font-bold text-blue-600 mb-4\">Nossa for\u00e7a<\/h2>\n    <h3 class=\"text-3xl font-bold mb-4\">Lideran\u00e7a experiente. Execu\u00e7\u00e3o comprovada.<\/h3>\n    <p class=\"text-gray-600 mb-6\">\n      Na XinLaisen, nossa lideran\u00e7a se baseia em mais de duas d\u00e9cadas de experi\u00eancia em projetos internacionais. Nossos chefes de departamento lideram com vis\u00e3o, experi\u00eancia em engenharia e uma abordagem pr\u00e1tica para a entrega de projetos offshore e mar\u00edtimos complexos em toda a \u00c1sia.\n    <\/p>\n    <ul class=\"space-y-3 text-gray-700\">\n      <li class=\"flex items-start\"><span class=\"text-blue-600 mr-2\">\u2714<\/span> Mais de 20 anos de experi\u00eancia em projetos globais<\/li>\n      <li class=\"flex items-start\"><span class=\"text-blue-600 mr-2\">\u2714<\/span> Lideran\u00e7a de projeto EPCC multinacional<\/li>\n      <li class=\"flex items-start\"><span class=\"text-blue-600 mr-2\">\u2714<\/span> Cultura voltada para a seguran\u00e7a e a qualidade<\/li>\n      <li class=\"flex items-start\"><span class=\"text-blue-600 mr-2\">\u2714<\/span> Coordena\u00e7\u00e3o de engenharia interdisciplinar<\/li>\n    <\/ul>\n  <\/div>\n<\/section>\n<\/div>\n\n\n\n<div class=\"wp-block-uagb-container uagb-block-46e02530\">\n<div class=\"wp-block-uagb-image uagb-block-26a98ae9 wp-block-uagb-image--layout-default wp-block-uagb-image--effect-static wp-block-uagb-image--align-none\"><figure class=\"wp-block-uagb-image__figure\"><img decoding=\"async\" srcset=\"https:\/\/xinlaisen.com\/wp-content\/uploads\/2025\/06\/WhatsApp-Image-2025-06-08-at-12.10.45-AM-1024x767.jpeg ,https:\/\/xinlaisen.com\/wp-content\/uploads\/2025\/06\/WhatsApp-Image-2025-06-08-at-12.10.45-AM.jpeg 780w, https:\/\/xinlaisen.com\/wp-content\/uploads\/2025\/06\/WhatsApp-Image-2025-06-08-at-12.10.45-AM.jpeg 360w\" sizes=\"auto, (max-width: 480px) 150px\" src=\"https:\/\/xinlaisen.com\/wp-content\/uploads\/2025\/06\/WhatsApp-Image-2025-06-08-at-12.10.45-AM-1024x767.jpeg\" alt=\"\" class=\"uag-image-1367\" width=\"2048\" height=\"1534\" title=\"Imagem do WhatsApp 2025-06-08 at 12.10.45 AM\" loading=\"lazy\" role=\"img\"\/><\/figure><\/div>\n<\/div>\n\n\n\n<div class=\"wp-block-uagb-container uagb-block-1d08b1cb\">\n<!-- Tailwind CDN (if not already included) -->\n<script src=\"https:\/\/cdn.tailwindcss.com\"><\/script>\n<!-- Our Ambition Section -->\n<section py-16 px-6 max-w-7xl mx-auto\">\n  <div class=\"max-w-3xl mx-auto\">\n    <h2 class=\"text-xl font-bold text-blue-600 mb-4\">Nossa ambi\u00e7\u00e3o<\/h2>\n    <h3 class=\"text-3xl font-bold mb-4\">Moldando o futuro da engenharia offshore<\/h3>\n    <p class=\"text-gray-600 mb-6\">\n      Nosso objetivo \u00e9 nos tornarmos um l\u00edder global em engenharia mar\u00edtima e offshore, comprometidos com a inova\u00e7\u00e3o, a sustentabilidade e a excel\u00eancia operacional. A ambi\u00e7\u00e3o da XinLaisen est\u00e1 enraizada na modulariza\u00e7\u00e3o mais inteligente, na transforma\u00e7\u00e3o digital e na forma\u00e7\u00e3o de parcerias de longo prazo com o setor.\n    <\/p>\n    <div class=\"grid grid-cols-2 gap-4\">\n      <div class=\"flex items-start\">\n        <span class=\"text-blue-600 mr-2\">\ud83d\ude80<\/span>\n        <span>Expandir o alcance global<\/span>\n      <\/div>\n      <div class=\"flex items-start\">\n        <span class=\"text-blue-600 mr-2\">\u2699\ufe0f<\/span>\n        <span>L\u00edder em solu\u00e7\u00f5es modulares<\/span>\n      <\/div>\n      <div class=\"flex items-start\">\n        <span class=\"text-blue-600 mr-2\">\ud83c\udf10<\/span>\n        <span>Adotar tecnologias inteligentes<\/span>\n      <\/div>\n      <div class=\"flex items-start\">\n        <span class=\"text-blue-600 mr-2\">\u267b\ufe0f<\/span>\n        <span>Sustentabilidade campe\u00e3<\/span>\n      <\/div>\n    <\/div>\n  <\/div>\n<\/section>\n<\/div>\n<\/div><\/div>\n\n\n\n<div class=\"wp-block-uagb-container uagb-block-6be40f00 alignfull uagb-is-root-container\"><div class=\"uagb-container-inner-blocks-wrap\">\n<div class=\"wp-block-uagb-info-box uagb-block-e7c5835b uagb-infobox__content-wrap  uagb-infobox-icon-above-title uagb-infobox-image-valign-top\"><div class=\"uagb-ifb-content\"><div class=\"uagb-ifb-title-wrap\"><h5 class=\"uagb-ifb-title-prefix\">Alguns fatos interessantes<\/h5><h2 class=\"uagb-ifb-title\">Fatos que geram confian\u00e7a<\/h2><\/div><\/div><\/div>\n\n\n\n<div class=\"wp-block-uagb-container uagb-layout-grid uagb-block-f4b0440c\">\n<div class=\"wp-block-uagb-counter uagb-block-14824e59 wp-block-uagb-counter--number\"><div class=\"wp-block-uagb-counter__number\"><span class=\"uagb-counter-block-number\" data-duration=\"2\" data-to-value=\"20\" data-from-value=\"0\" data-delimiter=\",\"><\/span><\/div><div class=\"wp-block-uagb-counter__title\">Anos de experi\u00eancia em projetos offshore<\/div><\/div>\n\n\n\n<div class=\"wp-block-uagb-counter uagb-block-604bbe6f wp-block-uagb-counter--number\"><div class=\"wp-block-uagb-counter__number\"><span class=\"uagb-counter-block-number\" data-duration=\"2\" data-to-value=\"30\" data-from-value=\"0\" data-delimiter=\",\"><\/span><\/div><div class=\"wp-block-uagb-counter__title\">Projetos bem-sucedidos e upgrades de plataforma<\/div><\/div>\n\n\n\n<div class=\"wp-block-uagb-counter uagb-block-8ba7e2cf wp-block-uagb-counter--number\"><div class=\"wp-block-uagb-counter__number\"><span class=\"uagb-counter-block-number\" data-duration=\"2\" data-to-value=\"10\" data-from-value=\"0\" data-delimiter=\",\"><\/span><\/div><div class=\"wp-block-uagb-counter__title\">Pa\u00edses atendidos globalmente<\/div><\/div>\n\n\n\n<div class=\"wp-block-uagb-counter uagb-block-c8c1443a wp-block-uagb-counter--number\"><div class=\"wp-block-uagb-counter__number\"><span class=\"uagb-counter-block-number\" data-duration=\"2\" data-to-value=\"100\" data-from-value=\"0\" data-delimiter=\",\"><\/span><\/div><div class=\"wp-block-uagb-counter__title\">Principais fornecedores e parceiros na cadeia de suprimentos<\/div><\/div>\n<\/div>\n<\/div><\/div>\n\n\n\n<div class=\"wp-block-uagb-advanced-heading uagb-block-8e598847\"><h3 class=\"uagb-heading-text\">A qualidade vem em primeiro lugar! Projetamos cada detalhe com um prop\u00f3sito. Nosso foco \u00e9 sempre o sucesso do cliente e a excel\u00eancia offshore.<\/h3><\/div>\n\n\n\n<!-- Matching Styled Company Profile Download Section -->\n<div style=\"background-color: #ffffff; padding: 40px 20px; border-radius: 16px; max-width: 720px; margin: 60px auto 40px auto; text-align: center; box-shadow: 0 6px 24px rgba(0,0,0,0.06);\">\n\n  <h3 style=\"font-size: 20px; font-weight: 700; color: #0054A6; margin-bottom: 10px;\">\n    \ud83d\udcc4 Perfil da empresa\n  <\/h3>\n\n  <p style=\"font-size: 16px; color: #444; line-height: 1.6; margin-bottom: 24px;\">\n    Fa\u00e7a o download de nossa apresenta\u00e7\u00e3o corporativa completa para saber mais sobre os recursos da XinLaisen em projetos de EPC, aquisi\u00e7\u00e3o, constru\u00e7\u00e3o e comissionamento offshore.\n  <\/p>\n\n  <a href=\"https:\/\/xinlaisen.com\/wp-content\/uploads\/2025\/06\/\u4fee\u6539\u6587\u4ef6.pdf\" \n     target=\"_blank\" \n     style=\"display: inline-flex; align-items: center; background-color: #0054A6; color: #fff; padding: 12px 24px; font-size: 15px; font-weight: 600; border-radius: 8px; text-decoration: none; transition: background-color 0.3s ease;\">\n    <img decoding=\"async\" src=\"https:\/\/cdn-icons-png.flaticon.com\/512\/337\/337946.png\" alt=\"PDF\" width=\"20\" style=\"margin-right:10px;\">\n    Baixar PDF\n  <\/a>\n\n<\/div>","protected":false},"excerpt":{"rendered":"<p>Nossa empresa<\/p>","protected":false},"author":1,"featured_media":0,"parent":0,"menu_order":0,"comment_status":"closed","ping_status":"closed","template":"","meta":{"_uag_custom_page_level_css":"","site-sidebar-layout":"no-sidebar","site-content-layout":"plain-container","ast-site-content-layout":"normal-width-container","site-content-style":"unboxed","site-sidebar-style":"unboxed","ast-global-header-display":"","ast-banner-title-visibility":"","ast-main-header-display":"","ast-hfb-above-header-display":"","ast-hfb-below-header-display":"","ast-hfb-mobile-header-display":"","site-post-title":"disabled","ast-breadcrumbs-content":"","ast-featured-img":"disabled","footer-sml-layout":"","ast-disable-related-posts":"","theme-transparent-header-meta":"enabled","adv-header-id-meta":"","stick-header-meta":"","header-above-stick-meta":"","header-main-stick-meta":"","header-below-stick-meta":"","astra-migrate-meta-layouts":"set","ast-page-background-enabled":"default","ast-page-background-meta":{"desktop":{"background-color":"","background-image":"","background-repeat":"repeat","background-position":"center center","background-size":"auto","background-attachment":"scroll","background-type":"","background-media":"","overlay-type":"","overlay-color":"","overlay-opacity":"","overlay-gradient":""},"tablet":{"background-color":"","background-image":"","background-repeat":"repeat","background-position":"center center","background-size":"auto","background-attachment":"scroll","background-type":"","background-media":"","overlay-type":"","overlay-color":"","overlay-opacity":"","overlay-gradient":""},"mobile":{"background-color":"","background-image":"","background-repeat":"repeat","background-position":"center center","background-size":"auto","background-attachment":"scroll","background-type":"","background-media":"","overlay-type":"","overlay-color":"","overlay-opacity":"","overlay-gradient":""}},"ast-content-background-meta":{"desktop":{"background-color":"var(--ast-global-color-5)","background-image":"","background-repeat":"repeat","background-position":"center center","background-size":"auto","background-attachment":"scroll","background-type":"","background-media":"","overlay-type":"","overlay-color":"","overlay-opacity":"","overlay-gradient":""},"tablet":{"background-color":"var(--ast-global-color-5)","background-image":"","background-repeat":"repeat","background-position":"center center","background-size":"auto","background-attachment":"scroll","background-type":"","background-media":"","overlay-type":"","overlay-color":"","overlay-opacity":"","overlay-gradient":""},"mobile":{"background-color":"var(--ast-global-color-5)","background-image":"","background-repeat":"repeat","background-position":"center center","background-size":"auto","background-attachment":"scroll","background-type":"","background-media":"","overlay-type":"","overlay-color":"","overlay-opacity":"","overlay-gradient":""}},"footnotes":""},"class_list":["post-9","page","type-page","status-publish","hentry"],"aioseo_notices":[],"uagb_featured_image_src":{"full":false,"thumbnail":false,"medium":false,"medium_large":false,"large":false,"1536x1536":false,"2048x2048":false,"trp-custom-language-flag":false},"uagb_author_info":{"display_name":"zackriz_racer@hotmail.com","author_link":"https:\/\/xinlaisen.com\/pt\/author\/zackriz_racerhotmail-com\/"},"uagb_comment_info":0,"uagb_excerpt":"Our Company","_links":{"self":[{"href":"https:\/\/xinlaisen.com\/pt\/wp-json\/wp\/v2\/pages\/9","targetHints":{"allow":["GET"]}}],"collection":[{"href":"https:\/\/xinlaisen.com\/pt\/wp-json\/wp\/v2\/pages"}],"about":[{"href":"https:\/\/xinlaisen.com\/pt\/wp-json\/wp\/v2\/types\/page"}],"author":[{"embeddable":true,"href":"https:\/\/xinlaisen.com\/pt\/wp-json\/wp\/v2\/users\/1"}],"replies":[{"embeddable":true,"href":"https:\/\/xinlaisen.com\/pt\/wp-json\/wp\/v2\/comments?post=9"}],"version-history":[{"count":29,"href":"https:\/\/xinlaisen.com\/pt\/wp-json\/wp\/v2\/pages\/9\/revisions"}],"predecessor-version":[{"id":1650,"href":"https:\/\/xinlaisen.com\/pt\/wp-json\/wp\/v2\/pages\/9\/revisions\/1650"}],"wp:attachment":[{"href":"https:\/\/xinlaisen.com\/pt\/wp-json\/wp\/v2\/media?parent=9"}],"curies":[{"name":"wp","href":"https:\/\/api.w.org\/{rel}","templated":true}]}}